{"id":9995,"date":"2019-05-21T10:47:21","date_gmt":"2019-05-21T08:47:21","guid":{"rendered":"https:\/\/www.stgis.at\/cookie-richtlinie\/"},"modified":"2025-09-29T08:08:53","modified_gmt":"2025-09-29T06:08:53","slug":"cookie-richtlinie","status":"publish","type":"page","link":"https:\/\/www.stgis.at\/de\/cookie-richtlinie\/","title":{"rendered":"Cookie-Richtlinie"},"content":{"rendered":"\n<h3 class=\"wp-block-heading\">1. Einf\u00fchrung<\/h3>\n\n<p>1.1 Die St. Gilgen International School Global Cookies Policy \n(&#8222;Policy&#8221;) gilt f\u00fcr diese Website (&#8222;Website&#8221;) und f\u00fcr alle Websites, \ngebrandete Seiten auf Plattformen Dritter (wie z.B. Facebook oder YouTube) und\n Anwendungen, auf die \u00fcber solche Websites oder Plattformen Dritter \n(&#8222;St. Gilgen International School Sites&#8221;) zugegriffen wird oder die dort genutzt werden. Gilgen International School Sites&#8221;), die\n von oder im Namen der St. Gilgen International School, ihren Tochtergesellschaften \nund\/oder angeschlossenen Unternehmen (im Folgenden &#8222;St. Gilgen International \nSchool &#8222;, &#8222;wir&#8221;, &#8222;uns&#8221;, &#8222;unser&#8221;) betrieben werden. In dieser Richtlinie wird dargelegt, wie wir Informationen \u00fcber Sie auf den Websites der St. Gilgen International School \ndurch die Verwendung von Cookies sammeln und \nverarbeiten. Wir verwenden den Begriff &#8222;Cookies&#8221; in dieser Richtlinie \nf\u00fcr Website-Cookies und \u00e4hnliche Technologien, die automatisch \nInformationen sammeln k\u00f6nnen, wenn Sie die Websites der St. Gilgen International School\n besuchen (wie Pixel-Tags, Web-Beacons, Ger\u00e4te-IDs und \u00e4hnliche \nTechnologien).   <\/p>\n\n<h3 class=\"wp-block-heading\">2. Was ist ein Cookie?<\/h3>\n\n<p>2.1 Ein Cookie ist eine kleine Textdatei oder eine Information, die \nauf Ihrem Computer oder Mobilger\u00e4t speichern kann, wenn Sie eine Website \nbesuchen. Fast jede Website verwendet die Cookie-Technologie. Cookies dienen \neiner Reihe von Zwecken, wie z.B. der effizienten Navigation zwischen Webseiten \n, der Speicherung Ihrer Pr\u00e4ferenzen und der allgemeinen Verbesserung der \nBenutzerfreundlichkeit. Cookies k\u00f6nnen uns z.B. mitteilen, ob Sie unsere Website \nschon einmal besucht haben oder ob Sie ein neuer Besucher sind. Sie k\u00f6nnen \nauch dazu beitragen, dass die Werbung, die Sie online sehen, f\u00fcr Sie\n und Ihre Interessen relevanter ist. Diese Funktion macht Cookies \u00e4u\u00dferst n\u00fctzlich \n, um Ihre Benutzererfahrung zu verbessern, wenn Sie auf eine Website zur\u00fcckkehren, die Sie bereits besucht haben \n.     <\/p>\n\n<h3 class=\"wp-block-heading\">3. Wie lange halten sich die Kekse?<\/h3>\n\n<p>3.1 Cookies k\u00f6nnen f\u00fcr unterschiedliche Zeitr\u00e4ume auf Ihrem Computer oder Mobilger\u00e4t verbleiben \n. Einige Cookies sind &#8222;Sitzungs-Cookies&#8221;. Diese \nCookies existieren nur, solange Ihr Browser ge\u00f6ffnet ist und werden \nautomatisch gel\u00f6scht, sobald Sie Ihren Browser schlie\u00dfen. Andere Cookies sind &#8216;dauerhafte\n Cookies&#8217;. Diese Cookies bleiben nach dem Schlie\u00dfen Ihres Browsers bis zu einem \ndefinierten Ablaufdatum bestehen. Sie k\u00f6nnen von Websites verwendet werden, um Ihren \nComputer wiederzuerkennen, wenn Sie Ihren Browser \u00f6ffnen und erneut im Internet surfen.     <\/p>\n\n<h3 class=\"wp-block-heading\">4. Welche anderen Technologien werden verwendet, um meine Besuche auf der St. Gilgen International School Site zu verfolgen?<\/h3>\n\n<p>4.1 Wir k\u00f6nnen auch andere Tracking-Technologien verwenden, wie z.B. Pixel \nTags und Web Beacons, um die St. Gilgen International School \nSeiten besser zu gestalten und einen besseren Service zu bieten. Diese Technologien \narbeiten in der Regel in Verbindung mit Cookies. Um die auf den Seiten der St. Gilgen International School \nverwendeten Cookies und damit auch alle anderen Tracking-Technologien \nzu deaktivieren, die mit diesen Cookies zusammenarbeiten, folgen Sie bitte den nachstehenden Anweisungen \n.  <\/p>\n\n<h3 class=\"wp-block-heading\">5. Welche Arten von Cookies verwenden wir oder k\u00f6nnten wir in Zukunft verwenden?<\/h3>\n\n<p>5.1 Es gibt zwei gro\u00dfe Kategorien von Cookies.\n<\/p>\n\n<p>5.2 Cookies, die f\u00fcr den Betrieb der St. Gilgen \nInternational School Sites unerl\u00e4sslich sind, auch als Strictly Necessary Cookies bezeichnet, \nerm\u00f6glichen Funktionen, ohne die Sie die St. Gilgen \nInternational School Sites nicht wie vorgesehen nutzen k\u00f6nnten. Ihre Zustimmung ist nicht erforderlich \nf\u00fcr die Verwendung von Strictly Necessary Cookies, weshalb Strictly \nNecessary Cookies nicht \u00fcber die Funktionen oder die Links \nauf den St. Gilgen International School Sites deaktiviert werden k\u00f6nnen. Sie haben jedoch die M\u00f6glichkeit \n, Cookies in Ihrem Browser jederzeit vollst\u00e4ndig zu deaktivieren. Die andere \nKategorie von Cookies sind Cookies, die aus rein rechtlicher Sicht f\u00fcr die Nutzung der St. Gilgen International School Sites nicht unbedingt erforderlich sind \n. Dennoch erf\u00fcllen \ndiese Cookies wichtige Funktionen. Sie k\u00f6nnen jedes \ndieser Cookies \u00fcber die Einstellungen Ihres Browsers oder \u00fcber die Links \nin der nachstehenden Liste deaktivieren. Wenn Sie dies jedoch tun, stehen Ihnen m\u00f6glicherweise verschiedene Funktionen von \nder St. Gilgen International School Sites nicht zur Verf\u00fcgung oder \nfunktionieren nicht so, wie Sie es w\u00fcnschen.      \n<\/p>\n\n<p>5.3 Die spezifischen Arten von Cookies, die auf den Seiten der St. Gilgen International School verwendet werden, werden im Folgenden beschrieben:\n<\/p>\n\n<h4 class=\"wp-block-heading\"><br\/>Streng Notwendige Cookies<\/h4>\n\n<p>Diese Cookies sind notwendig, um Ihnen die auf den Seiten von St. Gilgen International School \nverf\u00fcgbaren Dienste zur Verf\u00fcgung zu stellen und um einige der Funktionen von \nzu nutzen, wie z.B. den Zugang zu sicheren Bereichen. Ohne diese Cookies w\u00e4ren die von Ihnen gew\u00fcnschten \nDienste, wie z.B. sichere Kundenkontoseiten, nicht m\u00f6glich \n. \n<\/p>\n\n<h4 class=\"wp-block-heading\"><br\/>St. Gilgen International School Werbung Cookies<\/h4>\n\n<p>Diese Cookies werden verwendet, um Werbebotschaften f\u00fcr \nSie relevanter zu machen. Sie f\u00fchren Funktionen aus, wie z.B. zu verhindern, dass dieselbe Werbung\n immer wieder erscheint, sicherzustellen, dass die Werbung richtig angezeigt wird, und\n in einigen F\u00e4llen Werbung auszuw\u00e4hlen, die auf Ihren \nInteressen basiert. \n<\/p>\n\n<p>Adtech (eine Abteilung von AOL-Plattformen) &#8211; <a href=\"http:\/\/privacy.aol.co.uk\/cookie-information\" target=\"_blank\" rel=\"noreferrer noopener\">privacy.aol.co.uk\/cookie-information<\/a><br\/>AddThis &#8211; <a href=\"http:\/\/www.addthis.com\/privacy\/opt-out\" target=\"_blank\" rel=\"noreferrer noopener\">www.addthis.com\/privacy\/opt-out<\/a><br\/>Google AdWords &#8211; google.com\/settings\/ads\/onweb\/optout<br\/>DoubleClick &#8211; <a href=\"http:\/\/www.google.com\/settings\/ads\" target=\"_blank\" rel=\"noreferrer noopener\">www.google.com\/settings\/ads<\/a><br\/>Google Adsense &#8211; <a href=\"http:\/\/www.google.com\/settings\/ads\" target=\"_blank\" rel=\"noreferrer noopener\">www.google.com\/settings\/ads<\/a><br\/>Google AJAX Search API &#8211; <a href=\"http:\/\/www.google.com\/settings\/ads\" target=\"_blank\" rel=\"noreferrer noopener\">www.google.com\/settings\/ads<\/a><br\/>Twitter\n Werbung &#8211; Sie k\u00f6nnen ma\u00dfgeschneiderte Werbung \u00fcber Ihre Twitter \nEinstellungen deaktivieren, indem Sie die Abschnitte &#8222;Promoted content&#8221; und &#8222;Personalization&#8221; \nbesuchen.\n<\/p>\n\n<h4 class=\"wp-block-heading\"><br\/>Analyse-Cookies<\/h4>\n\n<p>Diese Cookies sammeln Informationen, die entweder in zusammengefasster \nForm verwendet werden, um uns zu helfen, zu verstehen, wie die St. Gilgen International School Sites \ngenutzt werden oder wie effektiv unsere Marketingkampagnen sind, oder um \nuns zu helfen, die St. Gilgen International School Sites f\u00fcr Sie anzupassen. Diese \nInformationen werden auch dazu benutzt, Ihre Nutzung der \nSt. Gilgen International School Sites auszuwerten, um Reports \u00fcber die St. Gilgen \nInternational School Site Aktivit\u00e4ten f\u00fcr die St. Gilgen International School \n Site-Betreiber zusammenzustellen und um weitere mit der St. Gilgen\n International School Site-Nutzung und der Internetnutzung verbundene Dienstleistungen zu erbringen. \n<\/p>\n\n<h4 class=\"wp-block-heading\"><br\/>Cookies f\u00fcr soziale Medien<\/h4>\n\n<p>Auf einigen Seiten der St. Gilgen International School Sites k\u00f6nnen Dritte \n, die Anwendungen \u00fcber die St. Gilgen International School Sites \nanbieten, ihre eigenen Cookies setzen, um den Erfolg ihrer Anwendungen \nzu verfolgen oder die Anwendungen f\u00fcr Sie anzupassen. Wenn \nSie zum Beispiel einen Artikel \u00fcber eine Schaltfl\u00e4che f\u00fcr soziale Medien auf einer St. Gilgen\n International School Site (z.B. Facebook, Twitter oder Google Plus) teilen, wird \ndas soziale Netzwerk, das die Schaltfl\u00e4che erstellt hat, aufzeichnen, dass Sie\n dies getan haben. Aufgrund der Funktionsweise von Cookies k\u00f6nnen weder wir auf diese Cookies zugreifen,\n noch k\u00f6nnen die Dritten auf die Daten in den von uns verwendeten Cookies zugreifen. Einige \nSeiten der St. Gilgen International School Sites k\u00f6nnen auch \neingebettete Inhalte enthalten, wie z.B. Videoinhalte von YouTube, und diese Seiten \nk\u00f6nnen ihre eigenen Cookies setzen.   \n<\/p>\n\n<p>Facebook Connect + Social Plug-ins &#8211; Wenn Sie dies verhindern m\u00f6chten,\n m\u00fcssen Sie sich zuerst von Ihrem Facebook-Konto abmelden, bevor Sie das \nFacebook-Plug-in aktivieren und dann alle Facebook-Cookies l\u00f6schen, nachdem Sie \nWebsites mit Facebook-Plug-ins besucht haben.<br\/>Twitter &#8211; Melden Sie sich von Ihrem Twitter \nKonto ab, bevor Sie die Twitter-Plug-ins aktivieren und l\u00f6schen Sie dann alle \nTwitter-Cookies, nachdem Sie Websites mit Twitter-Plug-ins besucht haben.<br\/>Google+ &#8211; Melden Sie sich von Ihrem Google+ oder Google-Konto ab, bevor Sie unsere Website besuchen.<br\/>Pinterest &#8211; <a href=\"https:\/\/help.pinterest.com\/en\/articles\/personalization-and-data-other-websites\" target=\"_blank\" rel=\"noreferrer noopener\">https:\/\/help.pinterest.com\/en\/articles\/personalization-and-data-other-websites<\/a><br\/>Reddit &#8211; <a href=\"http:\/\/www.reddit.com\/help\/privacypolicy\" target=\"_blank\" rel=\"noreferrer noopener\">www.reddit.com\/help\/privacypolicy<\/a><br\/>WhatsApp &#8211; <a href=\"http:\/\/www.whatsapp.com\/legal\/\" target=\"_blank\" rel=\"noreferrer noopener\">www.whatsapp.com\/legal\/<\/a><br\/>AddThis &#8211; <a href=\"http:\/\/www.addthis.com\/privacy\/opt-out\" target=\"_blank\" rel=\"noreferrer noopener\">www.addthis.com\/privacy\/opt-out<\/a>\n<\/p>\n\n<h4 class=\"wp-block-heading\"><br\/>Beacons und Widgets<\/h4>\n\n<p>Web Beacons funktionieren \u00e4hnlich wie Cookies und werden auf \nWebsites oder in einer E-Mail platziert, um das Verhalten des Benutzers \nzu \u00fcberwachen, der die Website besucht oder die E-Mail versendet.<br\/>Errorception &#8211; <a href=\"https:\/\/errorception.com\/docs\/privacy\" target=\"_blank\" rel=\"noreferrer noopener\">errorception.com\/docs\/privacy<\/a><br\/>Google Tag Manager &#8211; google.com\/settings\/ads\/onweb\/optout<\/p>\n\n<h3 class=\"wp-block-heading\">6. Wie verwenden wir sonst noch Cookies?<\/h3>\n\n<p>6.1 Weitere Einzelheiten dar\u00fcber, wie wir die durch Cookies gesammelten Informationen verwenden, finden Sie in unserer Datenschutzrichtlinie.  <\/p>\n\n<h3 class=\"wp-block-heading\">7. Wie Sie Cookies kontrollieren oder l\u00f6schen k\u00f6nnen<\/h3>\n\n<p>7.1 Sie k\u00f6nnen Cookies, die auf den Seiten der St. Gilgen International School verwendet werden, auf eine der folgenden Arten kontrollieren:\n<\/p>\n\n<p>7.1.1 Links zur Ablehnung von Cookies. Sie k\u00f6nnen die Verwendung von Cookies auf den Seiten der St.\n Gilgen International School ablehnen, indem Sie den Opt-Out-Links \nfolgen, die in der obigen Tabelle aufgef\u00fchrt sind. \n<\/p>\n\n<p>7.1.2 Opt-out-Seiten der Industrie. Sie k\u00f6nnen auch die Verwendung von Cookies f\u00fcr \nWerbezwecke durch viele unserer Werbepartner ablehnen, indem Sie \nbesuchen: www.aboutads.info\/choices\/ oder <a href=\"http:\/\/www.networkadvertising.org\/choices\/\" target=\"_blank\" rel=\"noreferrer noopener\">www.networkadvertising.org\/choices\/.<\/a> \n<\/p>\n\n<p>7.1.3 Browser-Einstellungen. W\u00e4hrend die meisten Webbrowser standardm\u00e4\u00dfig \nCookies akzeptieren, k\u00f6nnen Sie die Einstellungen Ihres Browsers \u00e4ndern, um Cookies abzulehnen und\/oder \nzu entfernen. Da die genauen Methoden, mit denen Sie dies tun k\u00f6nnen, \nvon Browser zu Browser variieren, besuchen Sie bitte das Hilfemen\u00fc Ihres Browsers f\u00fcr weitere Informationen \n.  \n<\/p>\n\n<p>7.2 Bitte beachten Sie auch, dass, wenn Sie sich entscheiden, Cookies abzulehnen oder zu entfernen, \ndies dazu f\u00fchren kann, dass bestimmte Funktionen oder Dienste der Websites der St. Gilgen International School \nnicht ordnungsgem\u00e4\u00df funktionieren und daher \nIhre Erfahrungen auf den Websites der St. Gilgen International School beeintr\u00e4chtigen. Bereiche der\n St. Gilgen International School Sites, die m\u00f6glicherweise\n Inhalte von Drittanbietern enthalten und daher \nCookies von Drittanbietern platzieren, werden f\u00fcr Sie nicht verf\u00fcgbar sein. Sollte dies der Fall sein, werden Sie \nentsprechend informiert. Da Ihre Pr\u00e4ferenzen f\u00fcr das Ablehnen von Cookies auch \nin einem Cookie in Ihrem Website-Browser gespeichert werden, beachten Sie bitte auch, dass Sie, wenn Sie\n alle Cookies l\u00f6schen, einen anderen Browser verwenden oder einen neuen Computer kaufen,\n Ihre Pr\u00e4ferenzen f\u00fcr das Ablehnen von Cookies erneut treffen m\u00fcssen.     <\/p>\n\n<h3 class=\"wp-block-heading\">8. \u00c4nderungen an der Richtlinie<\/h3>\n\n<p>8.1 Diese Richtlinie wurde zuletzt am 26.08.2015 aktualisiert. Ein Hinweis wird f\u00fcr 30 Tage auf der Startseite unserer Website \nver\u00f6ffentlicht, wenn diese Richtlinie \nin wesentlicher Weise ge\u00e4ndert wird. Indem Sie die Seiten der St. Gilgen International School\n weiterhin nutzen, best\u00e4tigen Sie, dass Sie diese Richtlinie weiterhin akzeptieren.  <\/p>\n","protected":false},"excerpt":{"rendered":"<p>1. Einf\u00fchrung 1.1 Die St. Gilgen International School Global Cookies Policy (&#8222;Policy&#8221;) gilt f\u00fcr diese Website (&#8222;Website&#8221;) und f\u00fcr alle Websites, gebrandete Seiten auf Plattformen Dritter (wie z.B. Facebook oder YouTube) und Anwendungen, auf die \u00fcber solche Websites oder Plattformen Dritter (&#8222;St. Gilgen International School Sites&#8221;) zugegriffen wird oder die dort genutzt werden. Gilgen International [&hellip;]<\/p>\n","protected":false},"author":1,"featured_media":0,"parent":0,"menu_order":0,"comment_status":"closed","ping_status":"closed","template":"","meta":{"_acf_changed":false,"footnotes":""},"class_list":["post-9995","page","type-page","status-publish","hentry"],"acf":[],"_links":{"self":[{"href":"https:\/\/www.stgis.at\/de\/wp-json\/wp\/v2\/pages\/9995","targetHints":{"allow":["GET"]}}],"collection":[{"href":"https:\/\/www.stgis.at\/de\/wp-json\/wp\/v2\/pages"}],"about":[{"href":"https:\/\/www.stgis.at\/de\/wp-json\/wp\/v2\/types\/page"}],"author":[{"embeddable":true,"href":"https:\/\/www.stgis.at\/de\/wp-json\/wp\/v2\/users\/1"}],"replies":[{"embeddable":true,"href":"https:\/\/www.stgis.at\/de\/wp-json\/wp\/v2\/comments?post=9995"}],"version-history":[{"count":0,"href":"https:\/\/www.stgis.at\/de\/wp-json\/wp\/v2\/pages\/9995\/revisions"}],"wp:attachment":[{"href":"https:\/\/www.stgis.at\/de\/wp-json\/wp\/v2\/media?parent=9995"}],"curies":[{"name":"wp","href":"https:\/\/api.w.org\/{rel}","templated":true}]}}